{"id":151,"date":"2024-09-09T13:19:01","date_gmt":"2024-09-09T11:19:01","guid":{"rendered":"https:\/\/athenasr.com\/?page_id=151"},"modified":"2025-01-02T18:43:40","modified_gmt":"2025-01-02T17:43:40","slug":"inscription-webinaire-retraite","status":"publish","type":"page","link":"https:\/\/athenasr.com\/index.php\/inscription-webinaire-retraite\/","title":{"rendered":"Inscription webinaire"},"content":{"rendered":"\t\t<div data-elementor-type=\"wp-page\" data-elementor-id=\"151\" class=\"elementor elementor-151\" data-elementor-post-type=\"page\">\n\t\t\t\t<div class=\"elementor-element elementor-element-77662a9 e-flex e-con-boxed wpr-particle-no wpr-jarallax-no wpr-parallax-no wpr-sticky-section-no e-con e-parent\" data-id=\"77662a9\" data-element_type=\"container\" data-e-type=\"container\" data-settings=\"{&quot;background_background&quot;:&quot;classic&quot;}\">\n\t\t\t\t\t<div class=\"e-con-inner\">\n\t\t\t\t<div class=\"elementor-element elementor-element-82ca79d elementor-widget elementor-widget-elementskit-heading\" data-id=\"82ca79d\" data-element_type=\"widget\" data-e-type=\"widget\" data-widget_type=\"elementskit-heading.default\">\n\t\t\t\t<div class=\"elementor-widget-container\">\n\t\t\t\t\t<div class=\"ekit-wid-con\" ><div class=\"ekit-heading elementskit-section-title-wraper center   ekit_heading_tablet-   ekit_heading_mobile-\"><h2 class=\"ekit-heading--title elementskit-section-title \">INSCRIPTION \u00e0 UN WEBINAIRES<\/h2><div class=\"ekit_heading_separetor_wraper ekit_heading_elementskit-border-divider ekit-dotted\"><div class=\"elementskit-border-divider ekit-dotted\"><\/div><\/div><\/div><\/div>\t\t\t\t<\/div>\n\t\t\t\t<\/div>\n\t\t\t\t\t<\/div>\n\t\t\t\t<\/div>\n\t\t<div class=\"elementor-element elementor-element-a04b27e e-flex e-con-boxed wpr-particle-no wpr-jarallax-no wpr-parallax-no wpr-sticky-section-no e-con e-parent\" data-id=\"a04b27e\" data-element_type=\"container\" data-e-type=\"container\" data-settings=\"{&quot;background_background&quot;:&quot;classic&quot;}\">\n\t\t\t\t\t<div class=\"e-con-inner\">\n\t\t\t\t<div class=\"elementor-element elementor-element-012a819 elementor-button-align-start elementor-widget elementor-widget-form\" data-id=\"012a819\" data-element_type=\"widget\" data-e-type=\"widget\" data-settings=\"{&quot;step_next_label&quot;:&quot;Suivant&quot;,&quot;step_previous_label&quot;:&quot;Pr\\u00e9c\\u00e9dent&quot;,&quot;button_width&quot;:&quot;100&quot;,&quot;step_type&quot;:&quot;number_text&quot;,&quot;step_icon_shape&quot;:&quot;circle&quot;}\" data-widget_type=\"form.default\">\n\t\t\t\t<div class=\"elementor-widget-container\">\n\t\t\t\t\t\t\t<form class=\"elementor-form\" method=\"post\" name=\"webinaires\" aria-label=\"webinaires\">\n\t\t\t<input type=\"hidden\" name=\"post_id\" value=\"151\"\/>\n\t\t\t<input type=\"hidden\" name=\"form_id\" value=\"012a819\"\/>\n\t\t\t<input type=\"hidden\" name=\"referer_title\" value=\"Inscription webinaire - Ath\u00e9na Strat\u00e9gie Retraite\" \/>\n\n\t\t\t\t\t\t\t<input type=\"hidden\" name=\"queried_id\" value=\"151\"\/>\n\t\t\t\n\t\t\t<div class=\"elementor-form-fields-wrapper elementor-labels-above\">\n\t\t\t\t\t\t\t\t<div class=\"elementor-field-type-text elementor-field-group elementor-column elementor-field-group-lastname elementor-col-50 elementor-field-required elementor-mark-required\">\n\t\t\t\t\t\t\t\t\t\t\t\t<label for=\"form-field-lastname\" class=\"elementor-field-label\">\n\t\t\t\t\t\t\t\tNom\t\t\t\t\t\t\t<\/label>\n\t\t\t\t\t\t\t\t\t\t\t\t\t\t<input size=\"1\" type=\"text\" name=\"form_fields[lastname]\" id=\"form-field-lastname\" class=\"elementor-field elementor-size-md  elementor-field-textual\" placeholder=\"Nom\" required=\"required\">\n\t\t\t\t\t\t\t\t\t\t\t<\/div>\n\t\t\t\t\t\t\t\t<div class=\"elementor-field-type-text elementor-field-group elementor-column elementor-field-group-name elementor-col-50 elementor-field-required elementor-mark-required\">\n\t\t\t\t\t\t\t\t\t\t\t\t<label for=\"form-field-name\" class=\"elementor-field-label\">\n\t\t\t\t\t\t\t\tPr\u00e9nom\t\t\t\t\t\t\t<\/label>\n\t\t\t\t\t\t\t\t\t\t\t\t\t\t<input size=\"1\" type=\"text\" name=\"form_fields[name]\" id=\"form-field-name\" class=\"elementor-field elementor-size-md  elementor-field-textual\" placeholder=\"Pr\u00e9nom\" required=\"required\">\n\t\t\t\t\t\t\t\t\t\t\t<\/div>\n\t\t\t\t\t\t\t\t<div class=\"elementor-field-type-email elementor-field-group elementor-column elementor-field-group-email elementor-col-100 elementor-field-required elementor-mark-required\">\n\t\t\t\t\t\t\t\t\t\t\t\t<label for=\"form-field-email\" class=\"elementor-field-label\">\n\t\t\t\t\t\t\t\tE-mail\t\t\t\t\t\t\t<\/label>\n\t\t\t\t\t\t\t\t\t\t\t\t\t\t<input size=\"1\" type=\"email\" name=\"form_fields[email]\" id=\"form-field-email\" class=\"elementor-field elementor-size-md  elementor-field-textual\" placeholder=\"E-mail\" required=\"required\">\n\t\t\t\t\t\t\t\t\t\t\t<\/div>\n\t\t\t\t\t\t\t\t<div class=\"elementor-field-type-tel elementor-field-group elementor-column elementor-field-group-tel elementor-col-50 elementor-field-required elementor-mark-required\">\n\t\t\t\t\t\t\t\t\t\t\t\t<label for=\"form-field-tel\" class=\"elementor-field-label\">\n\t\t\t\t\t\t\t\tT\u00e9l\u00e9phone\t\t\t\t\t\t\t<\/label>\n\t\t\t\t\t\t\t\t<input size=\"1\" type=\"tel\" name=\"form_fields[tel]\" id=\"form-field-tel\" class=\"elementor-field elementor-size-md  elementor-field-textual\" placeholder=\"T\u00e9l\u00e9phone\" required=\"required\" pattern=\"[0-9()#&amp;+*-=.]+\" title=\"Seuls les caract\u00e8res de num\u00e9ros de t\u00e9l\u00e9phone (#, -, *, etc.) sont accept\u00e9s.\">\n\n\t\t\t\t\t\t<\/div>\n\t\t\t\t\t\t\t\t<div class=\"elementor-field-type-checkbox elementor-field-group elementor-column elementor-field-group-choice elementor-col-100\">\n\t\t\t\t\t\t\t\t\t\t\t\t<label for=\"form-field-choice\" class=\"elementor-field-label\">\n\t\t\t\t\t\t\t\tChoix du webinaire\t\t\t\t\t\t\t<\/label>\n\t\t\t\t\t\t<div class=\"elementor-field-subgroup  \"><span class=\"elementor-field-option\"><input type=\"checkbox\" value=\"1, 00\/00\/0000\" id=\"form-field-choice-0\" name=\"form_fields[choice][]\"> <label for=\"form-field-choice-0\">1, 00\/00\/0000<\/label><\/span><span class=\"elementor-field-option\"><input type=\"checkbox\" value=\"2, 00\/00\/0000\" id=\"form-field-choice-1\" name=\"form_fields[choice][]\"> <label for=\"form-field-choice-1\">2, 00\/00\/0000<\/label><\/span><\/div>\t\t\t\t<\/div>\n\t\t\t\t\t\t\t\t<div class=\"elementor-field-type-textarea elementor-field-group elementor-column elementor-field-group-message elementor-col-100\">\n\t\t\t\t\t\t\t\t\t\t\t\t<label for=\"form-field-message\" class=\"elementor-field-label\">\n\t\t\t\t\t\t\t\tMessage suppl\u00e9mentaire\t\t\t\t\t\t\t<\/label>\n\t\t\t\t\t\t<textarea class=\"elementor-field-textual elementor-field  elementor-size-md\" name=\"form_fields[message]\" id=\"form-field-message\" rows=\"4\" placeholder=\"Message\"><\/textarea>\t\t\t\t<\/div>\n\t\t\t\t\t\t\t\t<div class=\"elementor-field-type-recaptcha_v3 elementor-field-group elementor-column elementor-field-group-field_3f94bb6 elementor-col-100 recaptcha_v3-bottomright\">\n\t\t\t\t\t<div class=\"elementor-field\" id=\"form-field-field_3f94bb6\"><div class=\"elementor-g-recaptcha\" data-sitekey=\"6LcTQ6YqAAAAAPfOHnQ_GjIzTVFgA1x___XeCp2h\" data-type=\"v3\" data-action=\"Form\" data-badge=\"bottomright\" data-size=\"invisible\"><\/div><\/div>\t\t\t\t<\/div>\n\t\t\t\t\t\t\t\t<div class=\"elementor-field-group elementor-column elementor-field-type-submit elementor-col-100 e-form__buttons\">\n\t\t\t\t\t<button class=\"elementor-button elementor-size-sm\" type=\"submit\">\n\t\t\t\t\t\t<span class=\"elementor-button-content-wrapper\">\n\t\t\t\t\t\t\t\t\t\t\t\t\t\t\t\t\t\t\t\t\t\t<span class=\"elementor-button-text\">Envoyer<\/span>\n\t\t\t\t\t\t\t\t\t\t\t\t\t<\/span>\n\t\t\t\t\t<\/button>\n\t\t\t\t<\/div>\n\t\t\t<\/div>\n\t\t<\/form>\n\t\t\t\t\t\t<\/div>\n\t\t\t\t<\/div>\n\t\t\t\t\t<\/div>\n\t\t\t\t<\/div>\n\t\t\t\t<\/div>\n\t\t","protected":false},"excerpt":{"rendered":"<p>INSCRIPTION \u00e0 UN WEBINAIRES<\/p>\n","protected":false},"author":1,"featured_media":0,"parent":0,"menu_order":0,"comment_status":"closed","ping_status":"closed","template":"elementor_canvas","meta":{"postBodyCss":"","postBodyMargin":[],"postBodyPadding":[],"postBodyBackground":{"backgroundType":"classic","gradient":""},"footnotes":""},"class_list":["post-151","page","type-page","status-publish","hentry","entry"],"yoast_head":"<!-- This site is optimized with the Yoast SEO Premium plugin v25.3.1 (Yoast SEO v27.0) - https:\/\/yoast.com\/product\/yoast-seo-premium-wordpress\/ -->\n<title>Inscription webinaire - Ath\u00e9na Strat\u00e9gie Retraite<\/title>\n<meta name=\"description\" content=\"Participez \u00e0 nos webinaires pour obtenir des r\u00e9ponses claires et des conseils personnalis\u00e9s sur la gestion de votre retraite.\" \/>\n<meta name=\"robots\" content=\"index, follow, max-snippet:-1, max-image-preview:large, max-video-preview:-1\" \/>\n<link rel=\"canonical\" href=\"https:\/\/athenasr.com\/index.php\/inscription-webinaire-retraite\/\" \/>\n<meta property=\"og:locale\" content=\"fr_FR\" \/>\n<meta property=\"og:type\" content=\"article\" \/>\n<meta property=\"og:title\" content=\"Inscription webinaire\" \/>\n<meta property=\"og:description\" content=\"Participez \u00e0 nos webinaires pour obtenir des r\u00e9ponses claires et des conseils personnalis\u00e9s sur la gestion de votre retraite.\" \/>\n<meta property=\"og:url\" content=\"https:\/\/athenasr.com\/index.php\/inscription-webinaire-retraite\/\" \/>\n<meta property=\"og:site_name\" content=\"Ath\u00e9na Strat\u00e9gie Retraite\" \/>\n<meta property=\"article:modified_time\" content=\"2025-01-02T17:43:40+00:00\" \/>\n<meta property=\"og:image\" content=\"https:\/\/athenasr.com\/wp-content\/uploads\/2024\/09\/cropped-Design-sans-titre-2.png\" \/>\n\t<meta property=\"og:image:width\" content=\"512\" \/>\n\t<meta property=\"og:image:height\" content=\"512\" \/>\n\t<meta property=\"og:image:type\" content=\"image\/png\" \/>\n<meta name=\"twitter:card\" content=\"summary_large_image\" \/>\n<meta name=\"twitter:label1\" content=\"Dur\u00e9e de lecture estim\u00e9e\" \/>\n\t<meta name=\"twitter:data1\" content=\"1 minute\" \/>\n<script type=\"application\/ld+json\" class=\"yoast-schema-graph\">{\"@context\":\"https:\/\/schema.org\",\"@graph\":[{\"@type\":\"WebPage\",\"@id\":\"https:\/\/athenasr.com\/index.php\/inscription-webinaire-retraite\/\",\"url\":\"https:\/\/athenasr.com\/index.php\/inscription-webinaire-retraite\/\",\"name\":\"Inscription webinaire - Ath\u00e9na Strat\u00e9gie Retraite\",\"isPartOf\":{\"@id\":\"https:\/\/athenasr.com\/#website\"},\"datePublished\":\"2024-09-09T11:19:01+00:00\",\"dateModified\":\"2025-01-02T17:43:40+00:00\",\"description\":\"Participez \u00e0 nos webinaires pour obtenir des r\u00e9ponses claires et des conseils personnalis\u00e9s sur la gestion de votre retraite.\",\"breadcrumb\":{\"@id\":\"https:\/\/athenasr.com\/index.php\/inscription-webinaire-retraite\/#breadcrumb\"},\"inLanguage\":\"fr-FR\",\"potentialAction\":[{\"@type\":\"ReadAction\",\"target\":[\"https:\/\/athenasr.com\/index.php\/inscription-webinaire-retraite\/\"]}]},{\"@type\":\"BreadcrumbList\",\"@id\":\"https:\/\/athenasr.com\/index.php\/inscription-webinaire-retraite\/#breadcrumb\",\"itemListElement\":[{\"@type\":\"ListItem\",\"position\":1,\"name\":\"Accueil\",\"item\":\"https:\/\/athenasr.com\/\"},{\"@type\":\"ListItem\",\"position\":2,\"name\":\"Inscription webinaire\"}]},{\"@type\":\"WebSite\",\"@id\":\"https:\/\/athenasr.com\/#website\",\"url\":\"https:\/\/athenasr.com\/\",\"name\":\"Ath\u00e9na Strat\u00e9gie Retraite\",\"description\":\"ACCOMPAGNEMENT \u2022 ANALYSE \u2022 CONSEILS \u2022 EXPERTISE\",\"publisher\":{\"@id\":\"https:\/\/athenasr.com\/#organization\"},\"alternateName\":\"Ath\u00e9naSR\",\"potentialAction\":[{\"@type\":\"SearchAction\",\"target\":{\"@type\":\"EntryPoint\",\"urlTemplate\":\"https:\/\/athenasr.com\/?s={search_term_string}\"},\"query-input\":{\"@type\":\"PropertyValueSpecification\",\"valueRequired\":true,\"valueName\":\"search_term_string\"}}],\"inLanguage\":\"fr-FR\"},{\"@type\":\"Organization\",\"@id\":\"https:\/\/athenasr.com\/#organization\",\"name\":\"Ath\u00e9na Strat\u00e9gie Retraite\",\"alternateName\":\"Ath\u00e9naSR\",\"url\":\"https:\/\/athenasr.com\/\",\"logo\":{\"@type\":\"ImageObject\",\"inLanguage\":\"fr-FR\",\"@id\":\"https:\/\/athenasr.com\/#\/schema\/logo\/image\/\",\"url\":\"https:\/\/athenasr.com\/wp-content\/uploads\/2024\/09\/cropped-Logo-ATHENA-SR-.png\",\"contentUrl\":\"https:\/\/athenasr.com\/wp-content\/uploads\/2024\/09\/cropped-Logo-ATHENA-SR-.png\",\"width\":500,\"height\":137,\"caption\":\"Ath\u00e9na Strat\u00e9gie Retraite\"},\"image\":{\"@id\":\"https:\/\/athenasr.com\/#\/schema\/logo\/image\/\"},\"description\":\"Expert en planification retraite : simplifiez vos d\u00e9marches et assurez votre avenir financier avec un accompagnement adapt\u00e9 \u00e0 vos objectifs.\",\"email\":\"contact@athenasr.com\",\"telephone\":\"06 16 79 13 05\",\"foundingDate\":\"2024-01-31\",\"taxID\":\"98412196200018\",\"numberOfEmployees\":{\"@type\":\"QuantitativeValue\",\"minValue\":\"1\",\"maxValue\":\"10\"}}]}<\/script>\n<!-- \/ Yoast SEO Premium plugin. -->","yoast_head_json":{"title":"Inscription webinaire - Ath\u00e9na Strat\u00e9gie Retraite","description":"Participez \u00e0 nos webinaires pour obtenir des r\u00e9ponses claires et des conseils personnalis\u00e9s sur la gestion de votre retraite.","robots":{"index":"index","follow":"follow","max-snippet":"max-snippet:-1","max-image-preview":"max-image-preview:large","max-video-preview":"max-video-preview:-1"},"canonical":"https:\/\/athenasr.com\/index.php\/inscription-webinaire-retraite\/","og_locale":"fr_FR","og_type":"article","og_title":"Inscription webinaire","og_description":"Participez \u00e0 nos webinaires pour obtenir des r\u00e9ponses claires et des conseils personnalis\u00e9s sur la gestion de votre retraite.","og_url":"https:\/\/athenasr.com\/index.php\/inscription-webinaire-retraite\/","og_site_name":"Ath\u00e9na Strat\u00e9gie Retraite","article_modified_time":"2025-01-02T17:43:40+00:00","og_image":[{"width":512,"height":512,"url":"https:\/\/athenasr.com\/wp-content\/uploads\/2024\/09\/cropped-Design-sans-titre-2.png","type":"image\/png"}],"twitter_card":"summary_large_image","twitter_misc":{"Dur\u00e9e de lecture estim\u00e9e":"1 minute"},"schema":{"@context":"https:\/\/schema.org","@graph":[{"@type":"WebPage","@id":"https:\/\/athenasr.com\/index.php\/inscription-webinaire-retraite\/","url":"https:\/\/athenasr.com\/index.php\/inscription-webinaire-retraite\/","name":"Inscription webinaire - Ath\u00e9na Strat\u00e9gie Retraite","isPartOf":{"@id":"https:\/\/athenasr.com\/#website"},"datePublished":"2024-09-09T11:19:01+00:00","dateModified":"2025-01-02T17:43:40+00:00","description":"Participez \u00e0 nos webinaires pour obtenir des r\u00e9ponses claires et des conseils personnalis\u00e9s sur la gestion de votre retraite.","breadcrumb":{"@id":"https:\/\/athenasr.com\/index.php\/inscription-webinaire-retraite\/#breadcrumb"},"inLanguage":"fr-FR","potentialAction":[{"@type":"ReadAction","target":["https:\/\/athenasr.com\/index.php\/inscription-webinaire-retraite\/"]}]},{"@type":"BreadcrumbList","@id":"https:\/\/athenasr.com\/index.php\/inscription-webinaire-retraite\/#breadcrumb","itemListElement":[{"@type":"ListItem","position":1,"name":"Accueil","item":"https:\/\/athenasr.com\/"},{"@type":"ListItem","position":2,"name":"Inscription webinaire"}]},{"@type":"WebSite","@id":"https:\/\/athenasr.com\/#website","url":"https:\/\/athenasr.com\/","name":"Ath\u00e9na Strat\u00e9gie Retraite","description":"ACCOMPAGNEMENT \u2022 ANALYSE \u2022 CONSEILS \u2022 EXPERTISE","publisher":{"@id":"https:\/\/athenasr.com\/#organization"},"alternateName":"Ath\u00e9naSR","potentialAction":[{"@type":"SearchAction","target":{"@type":"EntryPoint","urlTemplate":"https:\/\/athenasr.com\/?s={search_term_string}"},"query-input":{"@type":"PropertyValueSpecification","valueRequired":true,"valueName":"search_term_string"}}],"inLanguage":"fr-FR"},{"@type":"Organization","@id":"https:\/\/athenasr.com\/#organization","name":"Ath\u00e9na Strat\u00e9gie Retraite","alternateName":"Ath\u00e9naSR","url":"https:\/\/athenasr.com\/","logo":{"@type":"ImageObject","inLanguage":"fr-FR","@id":"https:\/\/athenasr.com\/#\/schema\/logo\/image\/","url":"https:\/\/athenasr.com\/wp-content\/uploads\/2024\/09\/cropped-Logo-ATHENA-SR-.png","contentUrl":"https:\/\/athenasr.com\/wp-content\/uploads\/2024\/09\/cropped-Logo-ATHENA-SR-.png","width":500,"height":137,"caption":"Ath\u00e9na Strat\u00e9gie Retraite"},"image":{"@id":"https:\/\/athenasr.com\/#\/schema\/logo\/image\/"},"description":"Expert en planification retraite : simplifiez vos d\u00e9marches et assurez votre avenir financier avec un accompagnement adapt\u00e9 \u00e0 vos objectifs.","email":"contact@athenasr.com","telephone":"06 16 79 13 05","foundingDate":"2024-01-31","taxID":"98412196200018","numberOfEmployees":{"@type":"QuantitativeValue","minValue":"1","maxValue":"10"}}]}},"_links":{"self":[{"href":"https:\/\/athenasr.com\/index.php\/wp-json\/wp\/v2\/pages\/151","targetHints":{"allow":["GET"]}}],"collection":[{"href":"https:\/\/athenasr.com\/index.php\/wp-json\/wp\/v2\/pages"}],"about":[{"href":"https:\/\/athenasr.com\/index.php\/wp-json\/wp\/v2\/types\/page"}],"author":[{"embeddable":true,"href":"https:\/\/athenasr.com\/index.php\/wp-json\/wp\/v2\/users\/1"}],"replies":[{"embeddable":true,"href":"https:\/\/athenasr.com\/index.php\/wp-json\/wp\/v2\/comments?post=151"}],"version-history":[{"count":41,"href":"https:\/\/athenasr.com\/index.php\/wp-json\/wp\/v2\/pages\/151\/revisions"}],"predecessor-version":[{"id":1838,"href":"https:\/\/athenasr.com\/index.php\/wp-json\/wp\/v2\/pages\/151\/revisions\/1838"}],"wp:attachment":[{"href":"https:\/\/athenasr.com\/index.php\/wp-json\/wp\/v2\/media?parent=151"}],"curies":[{"name":"wp","href":"https:\/\/api.w.org\/{rel}","templated":true}]}}